{"id":1554,"date":"2015-06-05T14:55:49","date_gmt":"2015-06-05T12:55:49","guid":{"rendered":"https:\/\/www.hypogeum-otranto.it\/?page_id=1554"},"modified":"2018-03-14T18:52:32","modified_gmt":"2018-03-14T17:52:32","slug":"condizioni-di-soggiorno","status":"publish","type":"page","link":"https:\/\/www.hypogeum-otranto.it\/de\/termini-e-condizioni-di-soggiorno\/","title":{"rendered":"Termini e condizioni di soggiorno"},"content":{"rendered":"<p><\/p>","protected":false},"excerpt":{"rendered":"Leider ist der Eintrag nur auf English und Italiano verf\u00fcgbar. Der Inhalt wird in der Standard-Sprache dieser Website angezeigt. Sie k\u00f6nnen einen Link anklicken, um zu einer anderen verf\u00fcgbaren Sprache zu wechseln.Prezzi.\u00a0 I prezzi indicati\u00a0comprendono: Iva al 10% Consumi di acqua e luce Aria condizionata\/riscaldamento Connessione internet wi-fi Pulizia iniziale e finale Biancheria da letto (prima dotazione settimanale) Biancheria da bagno (prima dotazione settimanale di 1 set di 3 asciugamani a testa) Set di cortesia da bagno Asciugacapelli Detersivi piatti\/casa 1 Confezione capsule caff\u00e8 Lavazza (in omaggio) I prezzi indicati\u00a0non\u00a0comprendono: Deposito cauzionale: \u20ac 200,00 ad appartamento da versare al momento...Leggi tutto","protected":false},"author":1,"featured_media":0,"parent":0,"menu_order":0,"comment_status":"closed","ping_status":"closed","template":"","meta":{"_acf_changed":false,"footnotes":""},"acf":[],"yoast_head":"<!-- This site is optimized with the Yoast SEO plugin v22.5 - https:\/\/yoast.com\/wordpress\/plugins\/seo\/ -->\n<title>Termini e condizioni di soggiorno - Hypogeum Suites &amp; Apartments | Holiday Apartments in Otranto<\/title>\n<meta name=\"description\" content=\"Leggi i termini e condizioni di soggiorno riportate in questa pagina\" \/>\n<meta name=\"robots\" content=\"index, follow, max-snippet:-1, max-image-preview:large, max-video-preview:-1\" \/>\n<link rel=\"canonical\" href=\"https:\/\/www.hypogeum-otranto.it\/termini-e-condizioni-di-soggiorno\/\" \/>\n<meta property=\"og:locale\" content=\"de_DE\" \/>\n<meta property=\"og:type\" content=\"article\" \/>\n<meta property=\"og:title\" content=\"Termini e condizioni di soggiorno - Hypogeum Suites &amp; Apartments | Holiday Apartments in Otranto\" \/>\n<meta property=\"og:description\" content=\"Leggi i termini e condizioni di soggiorno riportate in questa pagina\" \/>\n<meta property=\"og:url\" content=\"https:\/\/www.hypogeum-otranto.it\/termini-e-condizioni-di-soggiorno\/\" \/>\n<meta property=\"og:site_name\" content=\"Hypogeum Suites &amp; Apartments | Holiday Apartments in Otranto\" \/>\n<meta property=\"article:publisher\" content=\"https:\/\/www.facebook.com\/HypogeumOtranto\" \/>\n<meta property=\"article:modified_time\" content=\"2018-03-14T17:52:32+00:00\" \/>\n<meta name=\"twitter:card\" content=\"summary_large_image\" \/>\n<meta name=\"twitter:label1\" content=\"Gesch\u00e4tzte Lesezeit\" \/>\n\t<meta name=\"twitter:data1\" content=\"16\u00a0Minuten\" \/>\n<script type=\"application\/ld+json\" class=\"yoast-schema-graph\">{\"@context\":\"https:\/\/schema.org\",\"@graph\":[{\"@type\":\"WebPage\",\"@id\":\"https:\/\/www.hypogeum-otranto.it\/termini-e-condizioni-di-soggiorno\/\",\"url\":\"https:\/\/www.hypogeum-otranto.it\/termini-e-condizioni-di-soggiorno\/\",\"name\":\"Termini e condizioni di soggiorno - Hypogeum Suites &amp; Apartments | Holiday Apartments in Otranto\",\"isPartOf\":{\"@id\":\"https:\/\/www.hypogeum-otranto.it\/#website\"},\"datePublished\":\"2015-06-05T12:55:49+00:00\",\"dateModified\":\"2018-03-14T17:52:32+00:00\",\"description\":\"Leggi i termini e condizioni di soggiorno riportate in questa pagina\",\"breadcrumb\":{\"@id\":\"https:\/\/www.hypogeum-otranto.it\/termini-e-condizioni-di-soggiorno\/#breadcrumb\"},\"inLanguage\":\"de\",\"potentialAction\":[{\"@type\":\"ReadAction\",\"target\":[\"https:\/\/www.hypogeum-otranto.it\/termini-e-condizioni-di-soggiorno\/\"]}]},{\"@type\":\"BreadcrumbList\",\"@id\":\"https:\/\/www.hypogeum-otranto.it\/termini-e-condizioni-di-soggiorno\/#breadcrumb\",\"itemListElement\":[{\"@type\":\"ListItem\",\"position\":1,\"name\":\"Home\",\"item\":\"https:\/\/www.hypogeum-otranto.it\/\"},{\"@type\":\"ListItem\",\"position\":2,\"name\":\"Termini e condizioni di soggiorno\"}]},{\"@type\":\"WebSite\",\"@id\":\"https:\/\/www.hypogeum-otranto.it\/#website\",\"url\":\"https:\/\/www.hypogeum-otranto.it\/\",\"name\":\"Hypogeum Suites &amp; Apartments | Holiday Apartments in Otranto\",\"description\":\"Feeling home when you are away\",\"potentialAction\":[{\"@type\":\"SearchAction\",\"target\":{\"@type\":\"EntryPoint\",\"urlTemplate\":\"https:\/\/www.hypogeum-otranto.it\/?s={search_term_string}\"},\"query-input\":\"required name=search_term_string\"}],\"inLanguage\":\"de\"}]}<\/script>\n<!-- \/ Yoast SEO plugin. -->","yoast_head_json":{"title":"Termini e condizioni di soggiorno - Hypogeum Suites &amp; Apartments | Holiday Apartments in Otranto","description":"Leggi i termini e condizioni di soggiorno riportate in questa pagina","robots":{"index":"index","follow":"follow","max-snippet":"max-snippet:-1","max-image-preview":"max-image-preview:large","max-video-preview":"max-video-preview:-1"},"canonical":"https:\/\/www.hypogeum-otranto.it\/termini-e-condizioni-di-soggiorno\/","og_locale":"de_DE","og_type":"article","og_title":"Termini e condizioni di soggiorno - Hypogeum Suites &amp; Apartments | Holiday Apartments in Otranto","og_description":"Leggi i termini e condizioni di soggiorno riportate in questa pagina","og_url":"https:\/\/www.hypogeum-otranto.it\/termini-e-condizioni-di-soggiorno\/","og_site_name":"Hypogeum Suites &amp; Apartments | Holiday Apartments in Otranto","article_publisher":"https:\/\/www.facebook.com\/HypogeumOtranto","article_modified_time":"2018-03-14T17:52:32+00:00","twitter_card":"summary_large_image","twitter_misc":{"Gesch\u00e4tzte Lesezeit":"16\u00a0Minuten"},"schema":{"@context":"https:\/\/schema.org","@graph":[{"@type":"WebPage","@id":"https:\/\/www.hypogeum-otranto.it\/termini-e-condizioni-di-soggiorno\/","url":"https:\/\/www.hypogeum-otranto.it\/termini-e-condizioni-di-soggiorno\/","name":"Termini e condizioni di soggiorno - Hypogeum Suites &amp; Apartments | Holiday Apartments in Otranto","isPartOf":{"@id":"https:\/\/www.hypogeum-otranto.it\/#website"},"datePublished":"2015-06-05T12:55:49+00:00","dateModified":"2018-03-14T17:52:32+00:00","description":"Leggi i termini e condizioni di soggiorno riportate in questa pagina","breadcrumb":{"@id":"https:\/\/www.hypogeum-otranto.it\/termini-e-condizioni-di-soggiorno\/#breadcrumb"},"inLanguage":"de","potentialAction":[{"@type":"ReadAction","target":["https:\/\/www.hypogeum-otranto.it\/termini-e-condizioni-di-soggiorno\/"]}]},{"@type":"BreadcrumbList","@id":"https:\/\/www.hypogeum-otranto.it\/termini-e-condizioni-di-soggiorno\/#breadcrumb","itemListElement":[{"@type":"ListItem","position":1,"name":"Home","item":"https:\/\/www.hypogeum-otranto.it\/"},{"@type":"ListItem","position":2,"name":"Termini e condizioni di soggiorno"}]},{"@type":"WebSite","@id":"https:\/\/www.hypogeum-otranto.it\/#website","url":"https:\/\/www.hypogeum-otranto.it\/","name":"Hypogeum Suites &amp; Apartments | Holiday Apartments in Otranto","description":"Feeling home when you are away","potentialAction":[{"@type":"SearchAction","target":{"@type":"EntryPoint","urlTemplate":"https:\/\/www.hypogeum-otranto.it\/?s={search_term_string}"},"query-input":"required name=search_term_string"}],"inLanguage":"de"}]}},"_links":{"self":[{"href":"https:\/\/www.hypogeum-otranto.it\/de\/wp-json\/wp\/v2\/pages\/1554"}],"collection":[{"href":"https:\/\/www.hypogeum-otranto.it\/de\/wp-json\/wp\/v2\/pages"}],"about":[{"href":"https:\/\/www.hypogeum-otranto.it\/de\/wp-json\/wp\/v2\/types\/page"}],"author":[{"embeddable":true,"href":"https:\/\/www.hypogeum-otranto.it\/de\/wp-json\/wp\/v2\/users\/1"}],"replies":[{"embeddable":true,"href":"https:\/\/www.hypogeum-otranto.it\/de\/wp-json\/wp\/v2\/comments?post=1554"}],"version-history":[{"count":16,"href":"https:\/\/www.hypogeum-otranto.it\/de\/wp-json\/wp\/v2\/pages\/1554\/revisions"}],"predecessor-version":[{"id":1934,"href":"https:\/\/www.hypogeum-otranto.it\/de\/wp-json\/wp\/v2\/pages\/1554\/revisions\/1934"}],"wp:attachment":[{"href":"https:\/\/www.hypogeum-otranto.it\/de\/wp-json\/wp\/v2\/media?parent=1554"}],"curies":[{"name":"wp","href":"https:\/\/api.w.org\/{rel}","templated":true}]}}